{"id":108,"date":"2020-06-24T07:24:39","date_gmt":"2020-06-24T07:24:39","guid":{"rendered":"https:\/\/jupiterx.artbees.net\/accountant\/?page_id=108"},"modified":"2025-07-08T02:10:33","modified_gmt":"2025-07-07T23:10:33","slug":"iletisim","status":"publish","type":"page","link":"https:\/\/alanyalastikci.com\/de\/iletisim\/","title":{"rendered":"Kommunikation"},"content":{"rendered":"<div data-elementor-type=\"wp-page\" data-elementor-id=\"108\" class=\"elementor elementor-108\">\n\t\t\t\t\t\t<section class=\"elementor-section elementor-top-section elementor-element elementor-element-2a159a7 elementor-section-boxed elementor-section-height-default elementor-section-height-default\" data-id=\"2a159a7\" data-element_type=\"section\" data-settings=\"{&quot;jet_parallax_layout_list&quot;:[{&quot;jet_parallax_layout_image&quot;:{&quot;url&quot;:&quot;&quot;,&quot;id&quot;:&quot;&quot;,&quot;size&quot;:&quot;&quot;},&quot;_id&quot;:&quot;bd17729&quot;,&quot;jet_parallax_layout_image_tablet&quot;:{&quot;url&quot;:&quot;&quot;,&quot;id&quot;:&quot;&quot;,&quot;size&quot;:&quot;&quot;},&quot;jet_parallax_layout_image_mobile&quot;:{&quot;url&quot;:&quot;&quot;,&quot;id&quot;:&quot;&quot;,&quot;size&quot;:&quot;&quot;},&quot;jet_parallax_layout_speed&quot;:{&quot;unit&quot;:&quot;%&quot;,&quot;size&quot;:&quot;50&quot;,&quot;sizes&quot;:[]},&quot;jet_parallax_layout_bg_x&quot;:&quot;50&quot;,&quot;jet_parallax_layout_bg_y&quot;:&quot;50&quot;,&quot;jet_parallax_layout_type&quot;:&quot;scroll&quot;,&quot;jet_parallax_layout_direction&quot;:&quot;1&quot;,&quot;jet_parallax_layout_fx_direction&quot;:null,&quot;jet_parallax_layout_z_index&quot;:&quot;&quot;,&quot;jet_parallax_layout_bg_x_tablet&quot;:&quot;&quot;,&quot;jet_parallax_layout_bg_x_mobile&quot;:&quot;&quot;,&quot;jet_parallax_layout_bg_y_tablet&quot;:&quot;&quot;,&quot;jet_parallax_layout_bg_y_mobile&quot;:&quot;&quot;,&quot;jet_parallax_layout_bg_size&quot;:&quot;auto&quot;,&quot;jet_parallax_layout_bg_size_tablet&quot;:&quot;&quot;,&quot;jet_parallax_layout_bg_size_mobile&quot;:&quot;&quot;,&quot;jet_parallax_layout_animation_prop&quot;:&quot;transform&quot;,&quot;jet_parallax_layout_on&quot;:[&quot;desktop&quot;,&quot;tablet&quot;]}],&quot;background_background&quot;:&quot;classic&quot;}\">\n\t\t\t\t\t\t\t<div class=\"elementor-background-overlay\"><\/div>\n\t\t\t\t\t\t\t<div class=\"elementor-container elementor-column-gap-no\">\n\t\t\t\t\t<div class=\"elementor-column elementor-col-100 elementor-top-column elementor-element elementor-element-343f920\" data-id=\"343f920\" data-element_type=\"column\">\n\t\t\t<div class=\"elementor-widget-wrap elementor-element-populated\">\n\t\t\t\t\t\t<div class=\"elementor-element elementor-element-8d31692 elementor-widget elementor-widget-heading\" data-id=\"8d31692\" data-element_type=\"widget\" data-widget_type=\"heading.default\">\n\t\t\t\t\t<h1 class=\"elementor-heading-title elementor-size-default\">Kommunikation<\/h1>\t\t\t\t<\/div>\n\t\t\t\t\t<\/div>\n\t\t<\/div>\n\t\t\t\t\t<\/div>\n\t\t<\/section>\n\t\t<div class=\"elementor-element elementor-element-a81455e e-flex e-con-boxed elementor-invisible e-con e-parent\" data-id=\"a81455e\" data-element_type=\"container\" data-settings=\"{&quot;jet_parallax_layout_list&quot;:[],&quot;animation&quot;:&quot;fadeInUp&quot;}\">\n\t\t\t\t\t<div class=\"e-con-inner\">\n\t\t<div class=\"elementor-element elementor-element-196b608 e-con-full e-flex e-con e-child\" data-id=\"196b608\" data-element_type=\"container\" data-settings=\"{&quot;jet_parallax_layout_list&quot;:[]}\">\n\t\t\t\t<div class=\"elementor-element elementor-element-a2e59c2 elementor-widget elementor-widget-heading\" data-id=\"a2e59c2\" data-element_type=\"widget\" data-widget_type=\"heading.default\">\n\t\t\t\t\t<h2 class=\"elementor-heading-title elementor-size-default\">Unsere Kontaktinformationen<\/h2>\t\t\t\t<\/div>\n\t\t\t\t<\/div>\n\t\t\t\t\t<\/div>\n\t\t\t\t<\/div>\n\t\t\t\t<section class=\"elementor-section elementor-top-section elementor-element elementor-element-3ac96e7 elementor-section-boxed elementor-section-height-default elementor-section-height-default elementor-invisible\" data-id=\"3ac96e7\" data-element_type=\"section\" data-settings=\"{&quot;jet_parallax_layout_list&quot;:[{&quot;jet_parallax_layout_image&quot;:{&quot;url&quot;:&quot;&quot;,&quot;id&quot;:&quot;&quot;,&quot;size&quot;:&quot;&quot;},&quot;_id&quot;:&quot;4f2e067&quot;,&quot;jet_parallax_layout_image_tablet&quot;:{&quot;url&quot;:&quot;&quot;,&quot;id&quot;:&quot;&quot;,&quot;size&quot;:&quot;&quot;},&quot;jet_parallax_layout_image_mobile&quot;:{&quot;url&quot;:&quot;&quot;,&quot;id&quot;:&quot;&quot;,&quot;size&quot;:&quot;&quot;},&quot;jet_parallax_layout_speed&quot;:{&quot;unit&quot;:&quot;%&quot;,&quot;size&quot;:&quot;50&quot;,&quot;sizes&quot;:[]},&quot;jet_parallax_layout_bg_x&quot;:&quot;50&quot;,&quot;jet_parallax_layout_bg_y&quot;:&quot;50&quot;,&quot;jet_parallax_layout_type&quot;:&quot;scroll&quot;,&quot;jet_parallax_layout_direction&quot;:&quot;1&quot;,&quot;jet_parallax_layout_fx_direction&quot;:null,&quot;jet_parallax_layout_z_index&quot;:&quot;&quot;,&quot;jet_parallax_layout_bg_x_tablet&quot;:&quot;&quot;,&quot;jet_parallax_layout_bg_x_mobile&quot;:&quot;&quot;,&quot;jet_parallax_layout_bg_y_tablet&quot;:&quot;&quot;,&quot;jet_parallax_layout_bg_y_mobile&quot;:&quot;&quot;,&quot;jet_parallax_layout_bg_size&quot;:&quot;auto&quot;,&quot;jet_parallax_layout_bg_size_tablet&quot;:&quot;&quot;,&quot;jet_parallax_layout_bg_size_mobile&quot;:&quot;&quot;,&quot;jet_parallax_layout_animation_prop&quot;:&quot;transform&quot;,&quot;jet_parallax_layout_on&quot;:[&quot;desktop&quot;,&quot;tablet&quot;]}],&quot;animation&quot;:&quot;fadeInUp&quot;}\">\n\t\t\t\t\t\t<div class=\"elementor-container elementor-column-gap-no\">\n\t\t\t\t\t<div class=\"elementor-column elementor-col-33 elementor-top-column elementor-element elementor-element-8dd89bc\" data-id=\"8dd89bc\" data-element_type=\"column\" data-settings=\"{&quot;background_background&quot;:&quot;classic&quot;}\">\n\t\t\t<div class=\"elementor-widget-wrap elementor-element-populated\">\n\t\t\t\t\t\t<div class=\"elementor-element elementor-element-7ba2acf elementor-view-stacked elementor-shape-circle elementor-position-top elementor-mobile-position-top elementor-widget elementor-widget-icon-box\" data-id=\"7ba2acf\" data-element_type=\"widget\" data-widget_type=\"icon-box.default\">\n\t\t\t\t\t\t\t<div class=\"elementor-icon-box-wrapper\">\n\n\t\t\t\t\t\t<div class=\"elementor-icon-box-icon\">\n\t\t\t\t<a href=\"tel: 905353253907\" class=\"elementor-icon elementor-animation-pulse-shrink\" tabindex=\"-1\" aria-label=\"Kommunikation\">\n\t\t\t\t<svg aria-hidden=\"true\" class=\"e-font-icon-svg e-fas-phone-alt\" viewbox=\"0 0 512 512\" xmlns=\"http:\/\/www.w3.org\/2000\/svg\"><path d=\"M497.39 361.8l-112-48a24 24 0 0 0-28 6.9l-49.6 60.6A370.66 370.66 0 0 1 130.6 204.11l60.6-49.6a23.94 23.94 0 0 0 6.9-28l-48-112A24.16 24.16 0 0 0 122.6.61l-104 24A24 24 0 0 0 0 48c0 256.5 207.9 464 464 464a24 24 0 0 0 23.4-18.6l24-104a24.29 24.29 0 0 0-14.01-27.6z\"><\/path><\/svg>\t\t\t\t<\/a>\n\t\t\t<\/div>\n\t\t\t\n\t\t\t\t\t\t<div class=\"elementor-icon-box-content\">\n\n\t\t\t\t\t\t\t\t\t<h5 class=\"elementor-icon-box-title\">\n\t\t\t\t\t\t<a href=\"tel: 905353253907\" >\n\t\t\t\t\t\t\tKommunikation\t\t\t\t\t\t<\/a>\n\t\t\t\t\t<\/h5>\n\t\t\t\t\n\t\t\t\t\t\t\t\t\t<p class=\"elementor-icon-box-description\">\n\t\t\t\t\t\t+90 (535) 325 39 07\t\t\t\t\t<\/p>\n\t\t\t\t\n\t\t\t<\/div>\n\t\t\t\n\t\t<\/div>\n\t\t\t\t\t\t<\/div>\n\t\t\t\t\t<\/div>\n\t\t<\/div>\n\t\t\t\t<div class=\"elementor-column elementor-col-33 elementor-top-column elementor-element elementor-element-e6809e8\" data-id=\"e6809e8\" data-element_type=\"column\" data-settings=\"{&quot;background_background&quot;:&quot;classic&quot;}\">\n\t\t\t<div class=\"elementor-widget-wrap elementor-element-populated\">\n\t\t\t\t\t\t<div class=\"elementor-element elementor-element-d450944 elementor-view-stacked elementor-shape-circle elementor-position-top elementor-mobile-position-top elementor-widget elementor-widget-icon-box\" data-id=\"d450944\" data-element_type=\"widget\" data-widget_type=\"icon-box.default\">\n\t\t\t\t\t\t\t<div class=\"elementor-icon-box-wrapper\">\n\n\t\t\t\t\t\t<div class=\"elementor-icon-box-icon\">\n\t\t\t\t<a href=\"mailto:info@alanyalastikci.com\" class=\"elementor-icon elementor-animation-pulse-shrink\" tabindex=\"-1\" aria-label=\"E-Mail\">\n\t\t\t\t<svg aria-hidden=\"true\" class=\"e-font-icon-svg e-far-envelope-open\" viewbox=\"0 0 512 512\" xmlns=\"http:\/\/www.w3.org\/2000\/svg\"><path d=\"M494.586 164.516c-4.697-3.883-111.723-89.95-135.251-108.657C337.231 38.191 299.437 0 256 0c-43.205 0-80.636 37.717-103.335 55.859-24.463 19.45-131.07 105.195-135.15 108.549A48.004 48.004 0 0 0 0 201.485V464c0 26.51 21.49 48 48 48h416c26.51 0 48-21.49 48-48V201.509a48 48 0 0 0-17.414-36.993zM464 458a6 6 0 0 1-6 6H54a6 6 0 0 1-6-6V204.347c0-1.813.816-3.526 2.226-4.665 15.87-12.814 108.793-87.554 132.364-106.293C200.755 78.88 232.398 48 256 48c23.693 0 55.857 31.369 73.41 45.389 23.573 18.741 116.503 93.493 132.366 106.316a5.99 5.99 0 0 1 2.224 4.663V458zm-31.991-187.704c4.249 5.159 3.465 12.795-1.745 16.981-28.975 23.283-59.274 47.597-70.929 56.863C336.636 362.283 299.205 400 256 400c-43.452 0-81.287-38.237-103.335-55.86-11.279-8.967-41.744-33.413-70.927-56.865-5.21-4.187-5.993-11.822-1.745-16.981l15.258-18.528c4.178-5.073 11.657-5.843 16.779-1.726 28.618 23.001 58.566 47.035 70.56 56.571C200.143 320.631 232.307 352 256 352c23.602 0 55.246-30.88 73.41-45.389 11.994-9.535 41.944-33.57 70.563-56.568 5.122-4.116 12.601-3.346 16.778 1.727l15.258 18.526z\"><\/path><\/svg>\t\t\t\t<\/a>\n\t\t\t<\/div>\n\t\t\t\n\t\t\t\t\t\t<div class=\"elementor-icon-box-content\">\n\n\t\t\t\t\t\t\t\t\t<h5 class=\"elementor-icon-box-title\">\n\t\t\t\t\t\t<a href=\"mailto:info@alanyalastikci.com\" >\n\t\t\t\t\t\t\tE-Mail\t\t\t\t\t\t<\/a>\n\t\t\t\t\t<\/h5>\n\t\t\t\t\n\t\t\t\t\t\t\t\t\t<p class=\"elementor-icon-box-description\">\n\t\t\t\t\t\tinfo@alanyalastikci.com\t\t\t\t\t<\/p>\n\t\t\t\t\n\t\t\t<\/div>\n\t\t\t\n\t\t<\/div>\n\t\t\t\t\t\t<\/div>\n\t\t\t\t\t<\/div>\n\t\t<\/div>\n\t\t\t\t<div class=\"elementor-column elementor-col-33 elementor-top-column elementor-element elementor-element-07c27a0\" data-id=\"07c27a0\" data-element_type=\"column\" data-settings=\"{&quot;background_background&quot;:&quot;classic&quot;}\">\n\t\t\t<div class=\"elementor-widget-wrap elementor-element-populated\">\n\t\t\t\t\t\t<div class=\"elementor-element elementor-element-849f35e elementor-view-stacked elementor-shape-circle elementor-position-top elementor-mobile-position-top elementor-widget elementor-widget-icon-box\" data-id=\"849f35e\" data-element_type=\"widget\" data-widget_type=\"icon-box.default\">\n\t\t\t\t\t\t\t<div class=\"elementor-icon-box-wrapper\">\n\n\t\t\t\t\t\t<div class=\"elementor-icon-box-icon\">\n\t\t\t\t<a href=\"https:\/\/www.instagram.com\/alanya_mobil_yolyardim_lastkci\" class=\"elementor-icon elementor-animation-pulse-shrink\" tabindex=\"-1\" aria-label=\"Soziale Medien\">\n\t\t\t\t<svg aria-hidden=\"true\" class=\"e-font-icon-svg e-fab-instagram\" viewbox=\"0 0 448 512\" xmlns=\"http:\/\/www.w3.org\/2000\/svg\"><path d=\"M224.1 141c-63.6 0-114.9 51.3-114.9 114.9s51.3 114.9 114.9 114.9S339 319.5 339 255.9 287.7 141 224.1 141zm0 189.6c-41.1 0-74.7-33.5-74.7-74.7s33.5-74.7 74.7-74.7 74.7 33.5 74.7 74.7-33.6 74.7-74.7 74.7zm146.4-194.3c0 14.9-12 26.8-26.8 26.8-14.9 0-26.8-12-26.8-26.8s12-26.8 26.8-26.8 26.8 12 26.8 26.8zm76.1 27.2c-1.7-35.9-9.9-67.7-36.2-93.9-26.2-26.2-58-34.4-93.9-36.2-37-2.1-147.9-2.1-184.9 0-35.8 1.7-67.6 9.9-93.9 36.1s-34.4 58-36.2 93.9c-2.1 37-2.1 147.9 0 184.9 1.7 35.9 9.9 67.7 36.2 93.9s58 34.4 93.9 36.2c37 2.1 147.9 2.1 184.9 0 35.9-1.7 67.7-9.9 93.9-36.2 26.2-26.2 34.4-58 36.2-93.9 2.1-37 2.1-147.8 0-184.8zM398.8 388c-7.8 19.6-22.9 34.7-42.6 42.6-29.5 11.7-99.5 9-132.1 9s-102.7 2.6-132.1-9c-19.6-7.8-34.7-22.9-42.6-42.6-11.7-29.5-9-99.5-9-132.1s-2.6-102.7 9-132.1c7.8-19.6 22.9-34.7 42.6-42.6 29.5-11.7 99.5-9 132.1-9s102.7-2.6 132.1 9c19.6 7.8 34.7 22.9 42.6 42.6 11.7 29.5 9 99.5 9 132.1s2.7 102.7-9 132.1z\"><\/path><\/svg>\t\t\t\t<\/a>\n\t\t\t<\/div>\n\t\t\t\n\t\t\t\t\t\t<div class=\"elementor-icon-box-content\">\n\n\t\t\t\t\t\t\t\t\t<h5 class=\"elementor-icon-box-title\">\n\t\t\t\t\t\t<a href=\"https:\/\/www.instagram.com\/alanya_mobil_yolyardim_lastkci\" >\n\t\t\t\t\t\t\tSoziale Medien\t\t\t\t\t\t<\/a>\n\t\t\t\t\t<\/h5>\n\t\t\t\t\n\t\t\t\t\t\t\t\t\t<p class=\"elementor-icon-box-description\">\n\t\t\t\t\t\tInstagram: alanya_mobil_yolyardim_lastkci\t\t\t\t\t<\/p>\n\t\t\t\t\n\t\t\t<\/div>\n\t\t\t\n\t\t<\/div>\n\t\t\t\t\t\t<\/div>\n\t\t\t\t\t<\/div>\n\t\t<\/div>\n\t\t\t\t\t<\/div>\n\t\t<\/section>\n\t\t\t\t<\/div>","protected":false},"excerpt":{"rendered":"<p>Kontakt Unsere Kontaktinformationen Kontakt +90 (535) 325 39 07 E-mail info@alanyalastikci.com Soziale Medien Instagram : alanya_mobil_yolyardim_lastkci<\/p>","protected":false},"author":1,"featured_media":362,"parent":0,"menu_order":0,"comment_status":"closed","ping_status":"closed","template":"full-width.php","meta":{"_acf_changed":false,"footnotes":""},"class_list":["post-108","page","type-page","status-publish","has-post-thumbnail","hentry"],"acf":[],"yoast_head":"<!-- This site is optimized with the Yoast SEO plugin v25.4 - https:\/\/yoast.com\/wordpress\/plugins\/seo\/ -->\n<title>\u0130leti\u015fim | Alanya Lastik\u00e7i Yi\u011fito\u011flu Lastik | Alanya Lastik Servisi<\/title>\n<meta name=\"description\" content=\"Alanya Lastik\u00e7i Yi\u011fito\u011flu Lastik\u2019e ula\u015fmak i\u00e7in ileti\u015fim sayfam\u0131z\u0131 ziyaret edin. Alanya\u2019da h\u0131zl\u0131 lastik de\u011fi\u015fimi ve yol yard\u0131m\u0131 i\u00e7in hemen aray\u0131n!\" \/>\n<meta name=\"robots\" content=\"index, follow, max-snippet:-1, max-image-preview:large, max-video-preview:-1\" \/>\n<link rel=\"canonical\" href=\"https:\/\/alanyalastikci.com\/de\/iletisim\/\" \/>\n<meta property=\"og:locale\" content=\"de_DE\" \/>\n<meta property=\"og:type\" content=\"article\" \/>\n<meta property=\"og:title\" content=\"\u0130leti\u015fim | Alanya Lastik\u00e7i Yi\u011fito\u011flu Lastik | Alanya Lastik Servisi\" \/>\n<meta property=\"og:description\" content=\"Alanya Lastik\u00e7i Yi\u011fito\u011flu Lastik\u2019e ula\u015fmak i\u00e7in ileti\u015fim sayfam\u0131z\u0131 ziyaret edin. Alanya\u2019da h\u0131zl\u0131 lastik de\u011fi\u015fimi ve yol yard\u0131m\u0131 i\u00e7in hemen aray\u0131n!\" \/>\n<meta property=\"og:url\" content=\"https:\/\/alanyalastikci.com\/de\/iletisim\/\" \/>\n<meta property=\"og:site_name\" content=\"Alanya Lastik\u00e7i | Alanya Lastik | Alanya Lastik\u00e7im | Alanya Lastik Tamiri\" \/>\n<meta property=\"article:modified_time\" content=\"2025-07-07T23:10:33+00:00\" \/>\n<meta property=\"og:image\" content=\"https:\/\/alanyalastikci.com\/wp-content\/uploads\/2025\/07\/Alanya-Lastikci-favicon.png\" \/>\n\t<meta property=\"og:image:width\" content=\"1024\" \/>\n\t<meta property=\"og:image:height\" content=\"1024\" \/>\n\t<meta property=\"og:image:type\" content=\"image\/png\" \/>\n<meta name=\"twitter:card\" content=\"summary_large_image\" \/>\n<meta name=\"twitter:label1\" content=\"Gesch\u00e4tzte Lesezeit\" \/>\n\t<meta name=\"twitter:data1\" content=\"1\u00a0Minute\" \/>\n<script type=\"application\/ld+json\" class=\"yoast-schema-graph\">{\"@context\":\"https:\/\/schema.org\",\"@graph\":[{\"@type\":\"WebPage\",\"@id\":\"https:\/\/alanyalastikci.com\/iletisim\/\",\"url\":\"https:\/\/alanyalastikci.com\/iletisim\/\",\"name\":\"\u0130leti\u015fim | Alanya Lastik\u00e7i Yi\u011fito\u011flu Lastik | Alanya Lastik Servisi\",\"isPartOf\":{\"@id\":\"https:\/\/alanyalastikci.com\/#website\"},\"primaryImageOfPage\":{\"@id\":\"https:\/\/alanyalastikci.com\/iletisim\/#primaryimage\"},\"image\":{\"@id\":\"https:\/\/alanyalastikci.com\/iletisim\/#primaryimage\"},\"thumbnailUrl\":\"https:\/\/alanyalastikci.com\/wp-content\/uploads\/2025\/07\/Alanya-Lastikci-favicon.png\",\"datePublished\":\"2020-06-24T07:24:39+00:00\",\"dateModified\":\"2025-07-07T23:10:33+00:00\",\"description\":\"Alanya Lastik\u00e7i Yi\u011fito\u011flu Lastik\u2019e ula\u015fmak i\u00e7in ileti\u015fim sayfam\u0131z\u0131 ziyaret edin. Alanya\u2019da h\u0131zl\u0131 lastik de\u011fi\u015fimi ve yol yard\u0131m\u0131 i\u00e7in hemen aray\u0131n!\",\"breadcrumb\":{\"@id\":\"https:\/\/alanyalastikci.com\/iletisim\/#breadcrumb\"},\"inLanguage\":\"de\",\"potentialAction\":[{\"@type\":\"ReadAction\",\"target\":[\"https:\/\/alanyalastikci.com\/iletisim\/\"]}]},{\"@type\":\"ImageObject\",\"inLanguage\":\"de\",\"@id\":\"https:\/\/alanyalastikci.com\/iletisim\/#primaryimage\",\"url\":\"https:\/\/alanyalastikci.com\/wp-content\/uploads\/2025\/07\/Alanya-Lastikci-favicon.png\",\"contentUrl\":\"https:\/\/alanyalastikci.com\/wp-content\/uploads\/2025\/07\/Alanya-Lastikci-favicon.png\",\"width\":1024,\"height\":1024,\"caption\":\"Alanya Lastik\u00e7i | Alanya Lastik\"},{\"@type\":\"BreadcrumbList\",\"@id\":\"https:\/\/alanyalastikci.com\/iletisim\/#breadcrumb\",\"itemListElement\":[{\"@type\":\"ListItem\",\"position\":1,\"name\":\"Anasayfa\",\"item\":\"https:\/\/alanyalastikci.com\/\"},{\"@type\":\"ListItem\",\"position\":2,\"name\":\"\u0130leti\u015fim\"}]},{\"@type\":\"WebSite\",\"@id\":\"https:\/\/alanyalastikci.com\/#website\",\"url\":\"https:\/\/alanyalastikci.com\/\",\"name\":\"Alanya Lastik\u00e7i | Alanya Lastik | Alanya Lastik\u00e7im | Alanya Lastik Tamiri\",\"description\":\"Alanya Lastik\u00e7i | Alanya Lastik | Alanya Lastik\u00e7im | Alanya Lastik Tamiri\",\"potentialAction\":[{\"@type\":\"SearchAction\",\"target\":{\"@type\":\"EntryPoint\",\"urlTemplate\":\"https:\/\/alanyalastikci.com\/?s={search_term_string}\"},\"query-input\":{\"@type\":\"PropertyValueSpecification\",\"valueRequired\":true,\"valueName\":\"search_term_string\"}}],\"inLanguage\":\"de\"}]}<\/script>\n<!-- \/ Yoast SEO plugin. -->","yoast_head_json":{"title":"\u0130leti\u015fim | Alanya Lastik\u00e7i Yi\u011fito\u011flu Lastik | Alanya Lastik Servisi","description":"Alanya Lastik\u00e7i Yi\u011fito\u011flu Lastik\u2019e ula\u015fmak i\u00e7in ileti\u015fim sayfam\u0131z\u0131 ziyaret edin. Alanya\u2019da h\u0131zl\u0131 lastik de\u011fi\u015fimi ve yol yard\u0131m\u0131 i\u00e7in hemen aray\u0131n!","robots":{"index":"index","follow":"follow","max-snippet":"max-snippet:-1","max-image-preview":"max-image-preview:large","max-video-preview":"max-video-preview:-1"},"canonical":"https:\/\/alanyalastikci.com\/de\/iletisim\/","og_locale":"de_DE","og_type":"article","og_title":"\u0130leti\u015fim | Alanya Lastik\u00e7i Yi\u011fito\u011flu Lastik | Alanya Lastik Servisi","og_description":"Alanya Lastik\u00e7i Yi\u011fito\u011flu Lastik\u2019e ula\u015fmak i\u00e7in ileti\u015fim sayfam\u0131z\u0131 ziyaret edin. Alanya\u2019da h\u0131zl\u0131 lastik de\u011fi\u015fimi ve yol yard\u0131m\u0131 i\u00e7in hemen aray\u0131n!","og_url":"https:\/\/alanyalastikci.com\/de\/iletisim\/","og_site_name":"Alanya Lastik\u00e7i | Alanya Lastik | Alanya Lastik\u00e7im | Alanya Lastik Tamiri","article_modified_time":"2025-07-07T23:10:33+00:00","og_image":[{"width":1024,"height":1024,"url":"https:\/\/alanyalastikci.com\/wp-content\/uploads\/2025\/07\/Alanya-Lastikci-favicon.png","type":"image\/png"}],"twitter_card":"summary_large_image","twitter_misc":{"Gesch\u00e4tzte Lesezeit":"1\u00a0Minute"},"schema":{"@context":"https:\/\/schema.org","@graph":[{"@type":"WebPage","@id":"https:\/\/alanyalastikci.com\/iletisim\/","url":"https:\/\/alanyalastikci.com\/iletisim\/","name":"\u0130leti\u015fim | Alanya Lastik\u00e7i Yi\u011fito\u011flu Lastik | Alanya Lastik Servisi","isPartOf":{"@id":"https:\/\/alanyalastikci.com\/#website"},"primaryImageOfPage":{"@id":"https:\/\/alanyalastikci.com\/iletisim\/#primaryimage"},"image":{"@id":"https:\/\/alanyalastikci.com\/iletisim\/#primaryimage"},"thumbnailUrl":"https:\/\/alanyalastikci.com\/wp-content\/uploads\/2025\/07\/Alanya-Lastikci-favicon.png","datePublished":"2020-06-24T07:24:39+00:00","dateModified":"2025-07-07T23:10:33+00:00","description":"Alanya Lastik\u00e7i Yi\u011fito\u011flu Lastik\u2019e ula\u015fmak i\u00e7in ileti\u015fim sayfam\u0131z\u0131 ziyaret edin. Alanya\u2019da h\u0131zl\u0131 lastik de\u011fi\u015fimi ve yol yard\u0131m\u0131 i\u00e7in hemen aray\u0131n!","breadcrumb":{"@id":"https:\/\/alanyalastikci.com\/iletisim\/#breadcrumb"},"inLanguage":"de","potentialAction":[{"@type":"ReadAction","target":["https:\/\/alanyalastikci.com\/iletisim\/"]}]},{"@type":"ImageObject","inLanguage":"de","@id":"https:\/\/alanyalastikci.com\/iletisim\/#primaryimage","url":"https:\/\/alanyalastikci.com\/wp-content\/uploads\/2025\/07\/Alanya-Lastikci-favicon.png","contentUrl":"https:\/\/alanyalastikci.com\/wp-content\/uploads\/2025\/07\/Alanya-Lastikci-favicon.png","width":1024,"height":1024,"caption":"Alanya Lastik\u00e7i | Alanya Lastik"},{"@type":"BreadcrumbList","@id":"https:\/\/alanyalastikci.com\/iletisim\/#breadcrumb","itemListElement":[{"@type":"ListItem","position":1,"name":"Anasayfa","item":"https:\/\/alanyalastikci.com\/"},{"@type":"ListItem","position":2,"name":"\u0130leti\u015fim"}]},{"@type":"WebSite","@id":"https:\/\/alanyalastikci.com\/#website","url":"https:\/\/alanyalastikci.com\/","name":"Alanya Lastik\u00e7i | Alanya Lastik | Alanya Lastik\u00e7im | Alanya Lastik Tamiri","description":"Alanya Lastik\u00e7i | Alanya Lastik | Alanya Lastik\u00e7im | Alanya Lastik Tamiri","potentialAction":[{"@type":"SearchAction","target":{"@type":"EntryPoint","urlTemplate":"https:\/\/alanyalastikci.com\/?s={search_term_string}"},"query-input":{"@type":"PropertyValueSpecification","valueRequired":true,"valueName":"search_term_string"}}],"inLanguage":"de"}]}},"_links":{"self":[{"href":"https:\/\/alanyalastikci.com\/de\/wp-json\/wp\/v2\/pages\/108","targetHints":{"allow":["GET"]}}],"collection":[{"href":"https:\/\/alanyalastikci.com\/de\/wp-json\/wp\/v2\/pages"}],"about":[{"href":"https:\/\/alanyalastikci.com\/de\/wp-json\/wp\/v2\/types\/page"}],"author":[{"embeddable":true,"href":"https:\/\/alanyalastikci.com\/de\/wp-json\/wp\/v2\/users\/1"}],"replies":[{"embeddable":true,"href":"https:\/\/alanyalastikci.com\/de\/wp-json\/wp\/v2\/comments?post=108"}],"version-history":[{"count":5,"href":"https:\/\/alanyalastikci.com\/de\/wp-json\/wp\/v2\/pages\/108\/revisions"}],"predecessor-version":[{"id":504,"href":"https:\/\/alanyalastikci.com\/de\/wp-json\/wp\/v2\/pages\/108\/revisions\/504"}],"wp:featuredmedia":[{"embeddable":true,"href":"https:\/\/alanyalastikci.com\/de\/wp-json\/wp\/v2\/media\/362"}],"wp:attachment":[{"href":"https:\/\/alanyalastikci.com\/de\/wp-json\/wp\/v2\/media?parent=108"}],"curies":[{"name":"wp","href":"https:\/\/api.w.org\/{rel}","templated":true}]}}