{"id":56,"date":"2020-06-23T11:41:21","date_gmt":"2020-06-23T11:41:21","guid":{"rendered":"https:\/\/jupiterx.artbees.net\/accountant\/?page_id=56"},"modified":"2025-07-08T02:01:25","modified_gmt":"2025-07-07T23:01:25","slug":"hakkimizda","status":"publish","type":"page","link":"https:\/\/alanyalastikci.com\/de\/hakkimizda\/","title":{"rendered":"\u00dcber uns"},"content":{"rendered":"<div data-elementor-type=\"wp-page\" data-elementor-id=\"56\" class=\"elementor elementor-56\">\n\t\t\t\t\t\t<section class=\"elementor-section elementor-top-section elementor-element elementor-element-bdf22e8 elementor-section-boxed elementor-section-height-default elementor-section-height-default\" data-id=\"bdf22e8\" data-element_type=\"section\" data-settings=\"{&quot;jet_parallax_layout_list&quot;:[{&quot;jet_parallax_layout_image&quot;:{&quot;url&quot;:&quot;&quot;,&quot;id&quot;:&quot;&quot;,&quot;size&quot;:&quot;&quot;},&quot;_id&quot;:&quot;bd17729&quot;,&quot;jet_parallax_layout_image_tablet&quot;:{&quot;url&quot;:&quot;&quot;,&quot;id&quot;:&quot;&quot;,&quot;size&quot;:&quot;&quot;},&quot;jet_parallax_layout_image_mobile&quot;:{&quot;url&quot;:&quot;&quot;,&quot;id&quot;:&quot;&quot;,&quot;size&quot;:&quot;&quot;},&quot;jet_parallax_layout_speed&quot;:{&quot;unit&quot;:&quot;%&quot;,&quot;size&quot;:&quot;50&quot;,&quot;sizes&quot;:[]},&quot;jet_parallax_layout_bg_x&quot;:&quot;50&quot;,&quot;jet_parallax_layout_bg_y&quot;:&quot;50&quot;,&quot;jet_parallax_layout_type&quot;:&quot;scroll&quot;,&quot;jet_parallax_layout_direction&quot;:&quot;1&quot;,&quot;jet_parallax_layout_fx_direction&quot;:null,&quot;jet_parallax_layout_z_index&quot;:&quot;&quot;,&quot;jet_parallax_layout_bg_x_tablet&quot;:&quot;&quot;,&quot;jet_parallax_layout_bg_x_mobile&quot;:&quot;&quot;,&quot;jet_parallax_layout_bg_y_tablet&quot;:&quot;&quot;,&quot;jet_parallax_layout_bg_y_mobile&quot;:&quot;&quot;,&quot;jet_parallax_layout_bg_size&quot;:&quot;auto&quot;,&quot;jet_parallax_layout_bg_size_tablet&quot;:&quot;&quot;,&quot;jet_parallax_layout_bg_size_mobile&quot;:&quot;&quot;,&quot;jet_parallax_layout_animation_prop&quot;:&quot;transform&quot;,&quot;jet_parallax_layout_on&quot;:[&quot;desktop&quot;,&quot;tablet&quot;]}],&quot;background_background&quot;:&quot;classic&quot;}\">\n\t\t\t\t\t\t\t<div class=\"elementor-background-overlay\"><\/div>\n\t\t\t\t\t\t\t<div class=\"elementor-container elementor-column-gap-no\">\n\t\t\t\t\t<div class=\"elementor-column elementor-col-100 elementor-top-column elementor-element elementor-element-6147b0c\" data-id=\"6147b0c\" data-element_type=\"column\">\n\t\t\t<div class=\"elementor-widget-wrap elementor-element-populated\">\n\t\t\t\t\t\t<div class=\"elementor-element elementor-element-a836be5 elementor-widget elementor-widget-heading\" data-id=\"a836be5\" data-element_type=\"widget\" data-widget_type=\"heading.default\">\n\t\t\t\t\t<h1 class=\"elementor-heading-title elementor-size-default\">\u00dcber uns<\/h1>\t\t\t\t<\/div>\n\t\t\t\t\t<\/div>\n\t\t<\/div>\n\t\t\t\t\t<\/div>\n\t\t<\/section>\n\t\t<div class=\"elementor-element elementor-element-34d4c7e e-flex e-con-boxed elementor-invisible e-con e-parent\" data-id=\"34d4c7e\" data-element_type=\"container\" data-settings=\"{&quot;jet_parallax_layout_list&quot;:[],&quot;animation&quot;:&quot;fadeInUp&quot;}\">\n\t\t\t\t\t<div class=\"e-con-inner\">\n\t\t<div class=\"elementor-element elementor-element-057fd9b e-con-full e-flex e-con e-child\" data-id=\"057fd9b\" data-element_type=\"container\" data-settings=\"{&quot;jet_parallax_layout_list&quot;:[]}\">\n\t\t\t\t<div class=\"elementor-element elementor-element-2876403 elementor-widget elementor-widget-heading\" data-id=\"2876403\" data-element_type=\"widget\" data-widget_type=\"heading.default\">\n\t\t\t\t\t<h2 class=\"elementor-heading-title elementor-size-default\">\u00dcber uns<\/h2>\t\t\t\t<\/div>\n\t\t\t\t<div class=\"elementor-element elementor-element-786de0a elementor-widget elementor-widget-text-editor\" data-id=\"786de0a\" data-element_type=\"widget\" data-widget_type=\"text-editor.default\">\n\t\t\t\t\t\t\t\t\t<p data-start=\"315\" data-end=\"686\">Wenn es um Alanya Tire Shop geht, ist eines der ersten Unternehmen, das einem in den Sinn kommt, <strong data-start=\"376\" data-end=\"396\">Yigitoglu-Reifen<\/strong>, seit Jahren <strong data-start=\"408\" data-end=\"471\">Zuverl\u00e4ssiger, schneller und professioneller Reifenservice in Alanya<\/strong> Angebote. <strong data-start=\"485\" data-end=\"510\">Unser Gr\u00fcnder Hasan Yi\u011fit<\/strong> Unser unter der Leitung von Herrn Mustafa Erdem gegr\u00fcndetes Unternehmen ist zum Symbol f\u00fcr Qualit\u00e4t und Kundenzufriedenheit in der Reifenbranche geworden, indem es Fahrern in Alanya und Umgebung rund um die Uhr ununterbrochenen Support bietet.<\/p><p data-start=\"688\" data-end=\"1133\">F\u00fcr Ihren Reifenersatzbedarf bei Reifenpannen, Reifenpannen, Unwuchtproblemen oder Saisonwechseln. <strong data-start=\"794\" data-end=\"813\">Alanya Reifengesch\u00e4ft<\/strong> Denn wir sind immer f\u00fcr Sie da. Mit unserem mobilen Reifenservice kommen wir schnellstm\u00f6glich zu Ihnen, wenn Sie unterwegs liegen bleiben, und sorgen f\u00fcr ein sicheres und komfortables Fahrerlebnis. Wir bieten professionelle L\u00f6sungen f\u00fcr alle Ihre Bed\u00fcrfnisse, wie Reifenreparatur, Neu- und Gebrauchtreifenverkauf, Auswuchten und Luftdruckpr\u00fcfung.<\/p><p data-start=\"1135\" data-end=\"1513\"><strong data-start=\"1135\" data-end=\"1152\">Alanya Tire<\/strong> Wir verfolgen die Entwicklungen der Branche aufmerksam, nutzen modernste Ausr\u00fcstung und entwickeln uns st\u00e4ndig weiter. Die Reifensicherheit Ihrer Fahrzeuge hat f\u00fcr uns oberste Priorit\u00e4t. Daher produzieren wir Reifenl\u00f6sungen f\u00fcr jede Marke und jedes Modell. Wir verstehen unser Gesch\u00e4ft nicht nur als Reifenverkauf; wir \u00fcbernehmen auch Verantwortung f\u00fcr Ihre Sicherheit.<\/p><p data-start=\"1515\" data-end=\"1857\">Bei Yi\u011fito\u011flu Tire steht f\u00fcr uns die Kundenzufriedenheit immer an erster Stelle und wir bieten einen freundlichen Service. <strong data-start=\"1624\" data-end=\"1669\">Der beliebteste Reifenladen in Alanya<\/strong> Wir sind stolz darauf, Teil dieser Branche zu sein. Mit unseren wettbewerbsf\u00e4higen Preisen, hochwertigen Produktoptionen und unserem Expertenteam bieten wir unseren Privat- und Firmenkunden weiterhin den besten Service.<\/p><p data-start=\"1859\" data-end=\"2032\">Wenn Sie Dienstleistungen wie Reifenwechsel, Reparatur oder Pannenhilfe in Alanya suchen, <strong data-start=\"1956\" data-end=\"1992\">Alanya Tire Shop Yi\u011fito\u011flu Tire<\/strong> Wir sind nur einen Anruf entfernt.<\/p>\t\t\t\t\t\t\t\t<\/div>\n\t\t\t\t<\/div>\n\t\t<div class=\"elementor-element elementor-element-57b011d e-con-full e-flex e-con e-child\" data-id=\"57b011d\" data-element_type=\"container\" data-settings=\"{&quot;jet_parallax_layout_list&quot;:[]}\">\n\t\t\t\t<div class=\"elementor-element elementor-element-c58ca0a elementor-widget elementor-widget-image\" data-id=\"c58ca0a\" data-element_type=\"widget\" data-widget_type=\"image.default\">\n\t\t\t\t\t\t\t\t\t\t\t\t\t\t\t<img fetchpriority=\"high\" decoding=\"async\" width=\"1024\" height=\"1536\" src=\"https:\/\/alanyalastikci.com\/wp-content\/uploads\/2025\/07\/Alanya-Lastikci.png\" class=\"attachment-full size-full wp-image-432\" alt=\"Alanya Lastik\u00e7i | 7\/24 Alanya Lastik Hizmeti | Yi\u011fito\u011flu Lastik\" srcset=\"https:\/\/alanyalastikci.com\/wp-content\/uploads\/2025\/07\/Alanya-Lastikci.png 1024w, https:\/\/alanyalastikci.com\/wp-content\/uploads\/2025\/07\/Alanya-Lastikci-200x300.png 200w, https:\/\/alanyalastikci.com\/wp-content\/uploads\/2025\/07\/Alanya-Lastikci-683x1024.png 683w, https:\/\/alanyalastikci.com\/wp-content\/uploads\/2025\/07\/Alanya-Lastikci-768x1152.png 768w, https:\/\/alanyalastikci.com\/wp-content\/uploads\/2025\/07\/Alanya-Lastikci-8x12.png 8w\" sizes=\"(max-width: 1024px) 100vw, 1024px\" \/>\t\t\t\t\t\t\t\t\t\t\t\t\t\t\t<\/div>\n\t\t\t\t<\/div>\n\t\t\t\t\t<\/div>\n\t\t\t\t<\/div>\n\t\t<div class=\"elementor-element elementor-element-011a52e e-flex e-con-boxed elementor-invisible e-con e-parent\" data-id=\"011a52e\" data-element_type=\"container\" data-settings=\"{&quot;jet_parallax_layout_list&quot;:[],&quot;animation&quot;:&quot;fadeInUp&quot;}\">\n\t\t\t\t\t<div class=\"e-con-inner\">\n\t\t<div class=\"elementor-element elementor-element-6409a8a e-con-full e-flex e-con e-child\" data-id=\"6409a8a\" data-element_type=\"container\" data-settings=\"{&quot;jet_parallax_layout_list&quot;:[]}\">\n\t\t\t\t<div class=\"elementor-element elementor-element-c13b974 elementor-widget elementor-widget-heading\" data-id=\"c13b974\" data-element_type=\"widget\" data-widget_type=\"heading.default\">\n\t\t\t\t\t<h2 class=\"elementor-heading-title elementor-size-default\">Unsere Mission<\/h2>\t\t\t\t<\/div>\n\t\t\t\t<div class=\"elementor-element elementor-element-11154f6 elementor-widget elementor-widget-text-editor\" data-id=\"11154f6\" data-element_type=\"widget\" data-widget_type=\"text-editor.default\">\n\t\t\t\t\t\t\t\t\t<p data-start=\"358\" data-end=\"1197\">Als Yi\u011fito\u011flu Tire besteht unsere Mission darin, den Reifenbedarf der Menschen in Alanya und Umgebung auf die schnellste, sicherste und wirtschaftlichste Weise zu decken. <strong data-start=\"514\" data-end=\"533\">Alanya Reifengesch\u00e4ft<\/strong> Mit unserer Identit\u00e4t m\u00f6chten wir unseren Kunden nicht nur Reifenwechselservices, sondern auch Zuverl\u00e4ssigkeit, Professionalit\u00e4t und nachhaltigen Service bieten. Die maximale Zufriedenheit jedes einzelnen Kunden hat f\u00fcr uns oberste Priorit\u00e4t. Indem wir die technologischen Entwicklungen aufmerksam verfolgen, <strong data-start=\"825\" data-end=\"842\">Alanya Tire<\/strong> Wir arbeiten mit modernster Ausr\u00fcstung der Branche und setzen mit unserem geschulten Personal t\u00e4glich neue Ma\u00dfst\u00e4be in Sachen Servicequalit\u00e4t. Wir sind rund um die Uhr im Einsatz, um unseren Kunden Sicherheit, Komfort und ein gutes Gef\u00fchl im Stra\u00dfenverkehr zu bieten. Unser Ziel ist es nicht nur, Reifenl\u00f6sungen anzubieten, sondern die erste Marke zu sein, die einem in Alanya in den Sinn kommt, wenn es um Reifen geht \u2013 eine Marke, die wir uneingeschr\u00e4nkt empfehlen.<\/p>\t\t\t\t\t\t\t\t<\/div>\n\t\t\t\t<\/div>\n\t\t<div class=\"elementor-element elementor-element-45ef4b0 e-con-full e-flex e-con e-child\" data-id=\"45ef4b0\" data-element_type=\"container\" data-settings=\"{&quot;jet_parallax_layout_list&quot;:[]}\">\n\t\t\t\t<div class=\"elementor-element elementor-element-503d574 elementor-widget elementor-widget-heading\" data-id=\"503d574\" data-element_type=\"widget\" data-widget_type=\"heading.default\">\n\t\t\t\t\t<h2 class=\"elementor-heading-title elementor-size-default\">Unsere Vision<\/h2>\t\t\t\t<\/div>\n\t\t\t\t<div class=\"elementor-element elementor-element-81bb0f2 elementor-widget elementor-widget-text-editor\" data-id=\"81bb0f2\" data-element_type=\"widget\" data-widget_type=\"text-editor.default\">\n\t\t\t\t\t\t\t\t\t<p data-start=\"1227\" data-end=\"2036\">Als Yi\u011fito\u011flu Tire ist unsere Vision, <strong data-start=\"1263\" data-end=\"1282\">Alanya Reifengesch\u00e4ft<\/strong> Als innovative, wegweisende und kundenorientierte Marke in unserer Branche wollen wir unsere F\u00fchrungsposition sowohl lokal als auch regional behaupten. Wir wollen in Zukunft nicht nur in Alanya, sondern auch in den umliegenden Regionen eine anerkannte und bevorzugte Marke sein. <strong data-start=\"1489\" data-end=\"1506\">Alanya Tire<\/strong> Wir wollen eine f\u00fchrende Marke werden. Wir sind bestrebt, mit der Entwicklung der Automobiltechnologie Schritt zu halten, unsere Dienstleistungen kontinuierlich zu verbessern und Nachhaltigkeit und Umweltbewusstsein in den Vordergrund zu stellen. Mit unserem mobilen Reifenservice, unseren Notfalll\u00f6sungen, unserem hochwertigen Produktsortiment und unserem professionellen Team wollen wir den Qualit\u00e4tsstandard in der Branche setzen. Als Team, das unerm\u00fcdlich daran arbeitet, die erste Wahl unserer Kunden zu sein, wollen wir eine Marke sein, die den Reifensektor in Alanya voranbringt.<\/p>\t\t\t\t\t\t\t\t<\/div>\n\t\t\t\t<\/div>\n\t\t<div class=\"elementor-element elementor-element-1bd0250 e-con-full e-flex e-con e-child\" data-id=\"1bd0250\" data-element_type=\"container\" data-settings=\"{&quot;jet_parallax_layout_list&quot;:[]}\">\n\t\t\t\t<div class=\"elementor-element elementor-element-492d24c elementor-widget elementor-widget-heading\" data-id=\"492d24c\" data-element_type=\"widget\" data-widget_type=\"heading.default\">\n\t\t\t\t\t<h2 class=\"elementor-heading-title elementor-size-default\">Unsere Werte<\/h2>\t\t\t\t<\/div>\n\t\t\t\t<div class=\"elementor-element elementor-element-9597918 elementor-widget elementor-widget-text-editor\" data-id=\"9597918\" data-element_type=\"widget\" data-widget_type=\"text-editor.default\">\n\t\t\t\t\t\t\t\t\t<p data-start=\"2068\" data-end=\"2837\">Bei Yi\u011fito\u011flu Tire stehen wir f\u00fcr die Grundwerte Vertrauen, Ehrlichkeit, Qualit\u00e4t, Schnelligkeit, l\u00f6sungsorientierten Ansatz und Kundenzufriedenheit. Diese Werte stehen bei jeder unserer Dienstleistungen im Vordergrund. <strong data-start=\"2242\" data-end=\"2261\">Alanya Reifengesch\u00e4ft<\/strong> Wir halten uns bei all unseren Prozessen an ethische Werte. Wir halten unsere Versprechen gegen\u00fcber unseren Kunden ein und sorgen mit unserer transparenten Preispolitik nie f\u00fcr \u00dcberraschungskosten. <strong data-start=\"2433\" data-end=\"2450\">Alanya Tire<\/strong> Jede unserer Dienstleistungen vor Ort wird gem\u00e4\u00df diesen Werten geplant und umgesetzt. F\u00fcr uns ist jeder Kunde nicht nur eine Transaktion, sondern eine Chance f\u00fcr eine langfristige Zusammenarbeit. Unser Engagement f\u00fcr hochwertigen Service basiert auf starkem Teamgeist, Fachkompetenz und Respekt gegen\u00fcber den Menschen. Wir streben danach, der Reifenindustrie in Alanya einen Mehrwert zu bieten, der Gesellschaft zu nutzen und stets das Beste zu liefern.<\/p>\t\t\t\t\t\t\t\t<\/div>\n\t\t\t\t<\/div>\n\t\t\t\t\t<\/div>\n\t\t\t\t<\/div>\n\t\t\t\t<\/div>","protected":false},"excerpt":{"rendered":"<p>\u00dcber uns \u00dcber uns Yi\u011fito\u011flu Tire ist eines der ersten Unternehmen, das einem beim Thema Alanya Tire Shop in den Sinn kommt. Seit Jahren bietet es zuverl\u00e4ssigen, schnellen und professionellen Reifenservice in Alanya. Unser Unternehmen, gegr\u00fcndet unter der Leitung unseres Gr\u00fcnders Hasan Yi\u011fit, ist zum Symbol f\u00fcr Qualit\u00e4t und Kundenzufriedenheit in der Reifenbranche geworden und bietet Autofahrern in Alanya und Umgebung rund um die Uhr ununterbrochenen Support. Reifenpannen, Reifenpannen, Unwuchtprobleme oder Reifensch\u00e4den [\u2026]<\/p>","protected":false},"author":1,"featured_media":362,"parent":0,"menu_order":0,"comment_status":"closed","ping_status":"closed","template":"full-width.php","meta":{"_acf_changed":false,"footnotes":""},"class_list":["post-56","page","type-page","status-publish","has-post-thumbnail","hentry"],"acf":[],"yoast_head":"<!-- This site is optimized with the Yoast SEO plugin v25.4 - https:\/\/yoast.com\/wordpress\/plugins\/seo\/ -->\n<title>Hakk\u0131m\u0131zda | Alanya Lastik\u00e7i Yi\u011fito\u011flu Lastik | Alanya Lastik Hizmeti<\/title>\n<meta name=\"description\" content=\"Yi\u011fito\u011flu Lastik olarak Alanya\u2019da g\u00fcvenilir, h\u0131zl\u0131 ve profesyonel lastik hizmeti sunuyoruz. Alanya Lastik\u00e7i denince akla gelen ilk isim olmak i\u00e7in durmadan \u00e7al\u0131\u015f\u0131yoruz.\" \/>\n<meta name=\"robots\" content=\"index, follow, max-snippet:-1, max-image-preview:large, max-video-preview:-1\" \/>\n<link rel=\"canonical\" href=\"https:\/\/alanyalastikci.com\/de\/hakkimizda\/\" \/>\n<meta property=\"og:locale\" content=\"de_DE\" \/>\n<meta property=\"og:type\" content=\"article\" \/>\n<meta property=\"og:title\" content=\"Hakk\u0131m\u0131zda | Alanya Lastik\u00e7i Yi\u011fito\u011flu Lastik | Alanya Lastik Hizmeti\" \/>\n<meta property=\"og:description\" content=\"Yi\u011fito\u011flu Lastik olarak Alanya\u2019da g\u00fcvenilir, h\u0131zl\u0131 ve profesyonel lastik hizmeti sunuyoruz. Alanya Lastik\u00e7i denince akla gelen ilk isim olmak i\u00e7in durmadan \u00e7al\u0131\u015f\u0131yoruz.\" \/>\n<meta property=\"og:url\" content=\"https:\/\/alanyalastikci.com\/de\/hakkimizda\/\" \/>\n<meta property=\"og:site_name\" content=\"Alanya Lastik\u00e7i | Alanya Lastik | Alanya Lastik\u00e7im | Alanya Lastik Tamiri\" \/>\n<meta property=\"article:modified_time\" content=\"2025-07-07T23:01:25+00:00\" \/>\n<meta property=\"og:image\" content=\"https:\/\/alanyalastikci.com\/wp-content\/uploads\/2025\/07\/Alanya-Lastikci-favicon.png\" \/>\n\t<meta property=\"og:image:width\" content=\"1024\" \/>\n\t<meta property=\"og:image:height\" content=\"1024\" \/>\n\t<meta property=\"og:image:type\" content=\"image\/png\" \/>\n<meta name=\"twitter:card\" content=\"summary_large_image\" \/>\n<meta name=\"twitter:label1\" content=\"Gesch\u00e4tzte Lesezeit\" \/>\n\t<meta name=\"twitter:data1\" content=\"4\u00a0Minuten\" \/>\n<script type=\"application\/ld+json\" class=\"yoast-schema-graph\">{\"@context\":\"https:\/\/schema.org\",\"@graph\":[{\"@type\":\"WebPage\",\"@id\":\"https:\/\/alanyalastikci.com\/hakkimizda\/\",\"url\":\"https:\/\/alanyalastikci.com\/hakkimizda\/\",\"name\":\"Hakk\u0131m\u0131zda | Alanya Lastik\u00e7i Yi\u011fito\u011flu Lastik | Alanya Lastik Hizmeti\",\"isPartOf\":{\"@id\":\"https:\/\/alanyalastikci.com\/#website\"},\"primaryImageOfPage\":{\"@id\":\"https:\/\/alanyalastikci.com\/hakkimizda\/#primaryimage\"},\"image\":{\"@id\":\"https:\/\/alanyalastikci.com\/hakkimizda\/#primaryimage\"},\"thumbnailUrl\":\"https:\/\/alanyalastikci.com\/wp-content\/uploads\/2025\/07\/Alanya-Lastikci-favicon.png\",\"datePublished\":\"2020-06-23T11:41:21+00:00\",\"dateModified\":\"2025-07-07T23:01:25+00:00\",\"description\":\"Yi\u011fito\u011flu Lastik olarak Alanya\u2019da g\u00fcvenilir, h\u0131zl\u0131 ve profesyonel lastik hizmeti sunuyoruz. Alanya Lastik\u00e7i denince akla gelen ilk isim olmak i\u00e7in durmadan \u00e7al\u0131\u015f\u0131yoruz.\",\"breadcrumb\":{\"@id\":\"https:\/\/alanyalastikci.com\/hakkimizda\/#breadcrumb\"},\"inLanguage\":\"de\",\"potentialAction\":[{\"@type\":\"ReadAction\",\"target\":[\"https:\/\/alanyalastikci.com\/hakkimizda\/\"]}]},{\"@type\":\"ImageObject\",\"inLanguage\":\"de\",\"@id\":\"https:\/\/alanyalastikci.com\/hakkimizda\/#primaryimage\",\"url\":\"https:\/\/alanyalastikci.com\/wp-content\/uploads\/2025\/07\/Alanya-Lastikci-favicon.png\",\"contentUrl\":\"https:\/\/alanyalastikci.com\/wp-content\/uploads\/2025\/07\/Alanya-Lastikci-favicon.png\",\"width\":1024,\"height\":1024,\"caption\":\"Alanya Lastik\u00e7i | Alanya Lastik\"},{\"@type\":\"BreadcrumbList\",\"@id\":\"https:\/\/alanyalastikci.com\/hakkimizda\/#breadcrumb\",\"itemListElement\":[{\"@type\":\"ListItem\",\"position\":1,\"name\":\"Anasayfa\",\"item\":\"https:\/\/alanyalastikci.com\/\"},{\"@type\":\"ListItem\",\"position\":2,\"name\":\"Hakk\u0131m\u0131zda\"}]},{\"@type\":\"WebSite\",\"@id\":\"https:\/\/alanyalastikci.com\/#website\",\"url\":\"https:\/\/alanyalastikci.com\/\",\"name\":\"Alanya Lastik\u00e7i | Alanya Lastik | Alanya Lastik\u00e7im | Alanya Lastik Tamiri\",\"description\":\"Alanya Lastik\u00e7i | Alanya Lastik | Alanya Lastik\u00e7im | Alanya Lastik Tamiri\",\"potentialAction\":[{\"@type\":\"SearchAction\",\"target\":{\"@type\":\"EntryPoint\",\"urlTemplate\":\"https:\/\/alanyalastikci.com\/?s={search_term_string}\"},\"query-input\":{\"@type\":\"PropertyValueSpecification\",\"valueRequired\":true,\"valueName\":\"search_term_string\"}}],\"inLanguage\":\"de\"}]}<\/script>\n<!-- \/ Yoast SEO plugin. -->","yoast_head_json":{"title":"Hakk\u0131m\u0131zda | Alanya Lastik\u00e7i Yi\u011fito\u011flu Lastik | Alanya Lastik Hizmeti","description":"Yi\u011fito\u011flu Lastik olarak Alanya\u2019da g\u00fcvenilir, h\u0131zl\u0131 ve profesyonel lastik hizmeti sunuyoruz. Alanya Lastik\u00e7i denince akla gelen ilk isim olmak i\u00e7in durmadan \u00e7al\u0131\u015f\u0131yoruz.","robots":{"index":"index","follow":"follow","max-snippet":"max-snippet:-1","max-image-preview":"max-image-preview:large","max-video-preview":"max-video-preview:-1"},"canonical":"https:\/\/alanyalastikci.com\/de\/hakkimizda\/","og_locale":"de_DE","og_type":"article","og_title":"Hakk\u0131m\u0131zda | Alanya Lastik\u00e7i Yi\u011fito\u011flu Lastik | Alanya Lastik Hizmeti","og_description":"Yi\u011fito\u011flu Lastik olarak Alanya\u2019da g\u00fcvenilir, h\u0131zl\u0131 ve profesyonel lastik hizmeti sunuyoruz. Alanya Lastik\u00e7i denince akla gelen ilk isim olmak i\u00e7in durmadan \u00e7al\u0131\u015f\u0131yoruz.","og_url":"https:\/\/alanyalastikci.com\/de\/hakkimizda\/","og_site_name":"Alanya Lastik\u00e7i | Alanya Lastik | Alanya Lastik\u00e7im | Alanya Lastik Tamiri","article_modified_time":"2025-07-07T23:01:25+00:00","og_image":[{"width":1024,"height":1024,"url":"https:\/\/alanyalastikci.com\/wp-content\/uploads\/2025\/07\/Alanya-Lastikci-favicon.png","type":"image\/png"}],"twitter_card":"summary_large_image","twitter_misc":{"Gesch\u00e4tzte Lesezeit":"4\u00a0Minuten"},"schema":{"@context":"https:\/\/schema.org","@graph":[{"@type":"WebPage","@id":"https:\/\/alanyalastikci.com\/hakkimizda\/","url":"https:\/\/alanyalastikci.com\/hakkimizda\/","name":"Hakk\u0131m\u0131zda | Alanya Lastik\u00e7i Yi\u011fito\u011flu Lastik | Alanya Lastik Hizmeti","isPartOf":{"@id":"https:\/\/alanyalastikci.com\/#website"},"primaryImageOfPage":{"@id":"https:\/\/alanyalastikci.com\/hakkimizda\/#primaryimage"},"image":{"@id":"https:\/\/alanyalastikci.com\/hakkimizda\/#primaryimage"},"thumbnailUrl":"https:\/\/alanyalastikci.com\/wp-content\/uploads\/2025\/07\/Alanya-Lastikci-favicon.png","datePublished":"2020-06-23T11:41:21+00:00","dateModified":"2025-07-07T23:01:25+00:00","description":"Yi\u011fito\u011flu Lastik olarak Alanya\u2019da g\u00fcvenilir, h\u0131zl\u0131 ve profesyonel lastik hizmeti sunuyoruz. Alanya Lastik\u00e7i denince akla gelen ilk isim olmak i\u00e7in durmadan \u00e7al\u0131\u015f\u0131yoruz.","breadcrumb":{"@id":"https:\/\/alanyalastikci.com\/hakkimizda\/#breadcrumb"},"inLanguage":"de","potentialAction":[{"@type":"ReadAction","target":["https:\/\/alanyalastikci.com\/hakkimizda\/"]}]},{"@type":"ImageObject","inLanguage":"de","@id":"https:\/\/alanyalastikci.com\/hakkimizda\/#primaryimage","url":"https:\/\/alanyalastikci.com\/wp-content\/uploads\/2025\/07\/Alanya-Lastikci-favicon.png","contentUrl":"https:\/\/alanyalastikci.com\/wp-content\/uploads\/2025\/07\/Alanya-Lastikci-favicon.png","width":1024,"height":1024,"caption":"Alanya Lastik\u00e7i | Alanya Lastik"},{"@type":"BreadcrumbList","@id":"https:\/\/alanyalastikci.com\/hakkimizda\/#breadcrumb","itemListElement":[{"@type":"ListItem","position":1,"name":"Anasayfa","item":"https:\/\/alanyalastikci.com\/"},{"@type":"ListItem","position":2,"name":"Hakk\u0131m\u0131zda"}]},{"@type":"WebSite","@id":"https:\/\/alanyalastikci.com\/#website","url":"https:\/\/alanyalastikci.com\/","name":"Alanya Lastik\u00e7i | Alanya Lastik | Alanya Lastik\u00e7im | Alanya Lastik Tamiri","description":"Alanya Lastik\u00e7i | Alanya Lastik | Alanya Lastik\u00e7im | Alanya Lastik Tamiri","potentialAction":[{"@type":"SearchAction","target":{"@type":"EntryPoint","urlTemplate":"https:\/\/alanyalastikci.com\/?s={search_term_string}"},"query-input":{"@type":"PropertyValueSpecification","valueRequired":true,"valueName":"search_term_string"}}],"inLanguage":"de"}]}},"_links":{"self":[{"href":"https:\/\/alanyalastikci.com\/de\/wp-json\/wp\/v2\/pages\/56","targetHints":{"allow":["GET"]}}],"collection":[{"href":"https:\/\/alanyalastikci.com\/de\/wp-json\/wp\/v2\/pages"}],"about":[{"href":"https:\/\/alanyalastikci.com\/de\/wp-json\/wp\/v2\/types\/page"}],"author":[{"embeddable":true,"href":"https:\/\/alanyalastikci.com\/de\/wp-json\/wp\/v2\/users\/1"}],"replies":[{"embeddable":true,"href":"https:\/\/alanyalastikci.com\/de\/wp-json\/wp\/v2\/comments?post=56"}],"version-history":[{"count":6,"href":"https:\/\/alanyalastikci.com\/de\/wp-json\/wp\/v2\/pages\/56\/revisions"}],"predecessor-version":[{"id":494,"href":"https:\/\/alanyalastikci.com\/de\/wp-json\/wp\/v2\/pages\/56\/revisions\/494"}],"wp:featuredmedia":[{"embeddable":true,"href":"https:\/\/alanyalastikci.com\/de\/wp-json\/wp\/v2\/media\/362"}],"wp:attachment":[{"href":"https:\/\/alanyalastikci.com\/de\/wp-json\/wp\/v2\/media?parent=56"}],"curies":[{"name":"wp","href":"https:\/\/api.w.org\/{rel}","templated":true}]}}