{"id":56,"date":"2020-06-23T11:41:21","date_gmt":"2020-06-23T11:41:21","guid":{"rendered":"https:\/\/jupiterx.artbees.net\/accountant\/?page_id=56"},"modified":"2025-07-08T02:01:25","modified_gmt":"2025-07-07T23:01:25","slug":"hakkimizda","status":"publish","type":"page","link":"https:\/\/alanyalastikci.com\/en\/hakkimizda\/","title":{"rendered":"About Us"},"content":{"rendered":"<div data-elementor-type=\"wp-page\" data-elementor-id=\"56\" class=\"elementor elementor-56\">\n\t\t\t\t\t\t<section class=\"elementor-section elementor-top-section elementor-element elementor-element-bdf22e8 elementor-section-boxed elementor-section-height-default elementor-section-height-default\" data-id=\"bdf22e8\" data-element_type=\"section\" data-settings=\"{&quot;jet_parallax_layout_list&quot;:[{&quot;jet_parallax_layout_image&quot;:{&quot;url&quot;:&quot;&quot;,&quot;id&quot;:&quot;&quot;,&quot;size&quot;:&quot;&quot;},&quot;_id&quot;:&quot;bd17729&quot;,&quot;jet_parallax_layout_image_tablet&quot;:{&quot;url&quot;:&quot;&quot;,&quot;id&quot;:&quot;&quot;,&quot;size&quot;:&quot;&quot;},&quot;jet_parallax_layout_image_mobile&quot;:{&quot;url&quot;:&quot;&quot;,&quot;id&quot;:&quot;&quot;,&quot;size&quot;:&quot;&quot;},&quot;jet_parallax_layout_speed&quot;:{&quot;unit&quot;:&quot;%&quot;,&quot;size&quot;:&quot;50&quot;,&quot;sizes&quot;:[]},&quot;jet_parallax_layout_bg_x&quot;:&quot;50&quot;,&quot;jet_parallax_layout_bg_y&quot;:&quot;50&quot;,&quot;jet_parallax_layout_type&quot;:&quot;scroll&quot;,&quot;jet_parallax_layout_direction&quot;:&quot;1&quot;,&quot;jet_parallax_layout_fx_direction&quot;:null,&quot;jet_parallax_layout_z_index&quot;:&quot;&quot;,&quot;jet_parallax_layout_bg_x_tablet&quot;:&quot;&quot;,&quot;jet_parallax_layout_bg_x_mobile&quot;:&quot;&quot;,&quot;jet_parallax_layout_bg_y_tablet&quot;:&quot;&quot;,&quot;jet_parallax_layout_bg_y_mobile&quot;:&quot;&quot;,&quot;jet_parallax_layout_bg_size&quot;:&quot;auto&quot;,&quot;jet_parallax_layout_bg_size_tablet&quot;:&quot;&quot;,&quot;jet_parallax_layout_bg_size_mobile&quot;:&quot;&quot;,&quot;jet_parallax_layout_animation_prop&quot;:&quot;transform&quot;,&quot;jet_parallax_layout_on&quot;:[&quot;desktop&quot;,&quot;tablet&quot;]}],&quot;background_background&quot;:&quot;classic&quot;}\">\n\t\t\t\t\t\t\t<div class=\"elementor-background-overlay\"><\/div>\n\t\t\t\t\t\t\t<div class=\"elementor-container elementor-column-gap-no\">\n\t\t\t\t\t<div class=\"elementor-column elementor-col-100 elementor-top-column elementor-element elementor-element-6147b0c\" data-id=\"6147b0c\" data-element_type=\"column\">\n\t\t\t<div class=\"elementor-widget-wrap elementor-element-populated\">\n\t\t\t\t\t\t<div class=\"elementor-element elementor-element-a836be5 elementor-widget elementor-widget-heading\" data-id=\"a836be5\" data-element_type=\"widget\" data-widget_type=\"heading.default\">\n\t\t\t\t\t<h1 class=\"elementor-heading-title elementor-size-default\">About Us<\/h1>\t\t\t\t<\/div>\n\t\t\t\t\t<\/div>\n\t\t<\/div>\n\t\t\t\t\t<\/div>\n\t\t<\/section>\n\t\t<div class=\"elementor-element elementor-element-34d4c7e e-flex e-con-boxed elementor-invisible e-con e-parent\" data-id=\"34d4c7e\" data-element_type=\"container\" data-settings=\"{&quot;jet_parallax_layout_list&quot;:[],&quot;animation&quot;:&quot;fadeInUp&quot;}\">\n\t\t\t\t\t<div class=\"e-con-inner\">\n\t\t<div class=\"elementor-element elementor-element-057fd9b e-con-full e-flex e-con e-child\" data-id=\"057fd9b\" data-element_type=\"container\" data-settings=\"{&quot;jet_parallax_layout_list&quot;:[]}\">\n\t\t\t\t<div class=\"elementor-element elementor-element-2876403 elementor-widget elementor-widget-heading\" data-id=\"2876403\" data-element_type=\"widget\" data-widget_type=\"heading.default\">\n\t\t\t\t\t<h2 class=\"elementor-heading-title elementor-size-default\">About Us<\/h2>\t\t\t\t<\/div>\n\t\t\t\t<div class=\"elementor-element elementor-element-786de0a elementor-widget elementor-widget-text-editor\" data-id=\"786de0a\" data-element_type=\"widget\" data-widget_type=\"text-editor.default\">\n\t\t\t\t\t\t\t\t\t<p data-start=\"315\" data-end=\"686\">When it comes to Alanya Tire Shop, one of the first companies that comes to mind is <strong data-start=\"376\" data-end=\"396\">Yigitoglu Tire<\/strong>, for years <strong data-start=\"408\" data-end=\"471\">Reliable, fast and professional tire services in Alanya<\/strong> offers. <strong data-start=\"485\" data-end=\"510\">Our Founder Hasan Yi\u011fit<\/strong> Our company, founded under the leadership of Mr. Mustafa Erdem, has become the symbol of quality and customer satisfaction in the tire industry by providing 24\/7 uninterrupted support to drivers in Alanya and the surrounding area.<\/p><p data-start=\"688\" data-end=\"1133\">For your tire replacement needs in case of tire failures, punctures, balance problems or seasonal changes. <strong data-start=\"794\" data-end=\"813\">Alanya Tire Shop<\/strong> As we are with you at all times. With our mobile tire service, we come to your location as soon as possible when you are stranded on the road and offer you a safe and comfortable driving experience. We offer professional solutions to all your needs such as tire repair, new and second-hand tire sales, balancing and air pressure checks.<\/p><p data-start=\"1135\" data-end=\"1513\"><strong data-start=\"1135\" data-end=\"1152\">Alanya Tire<\/strong> We operate with a commitment to closely following industry developments, utilizing state-of-the-art equipment, and constantly innovating. Prioritizing tire safety for your vehicles, we produce tire solutions suitable for every make and model. We don&#039;t just view our business as tire sales; we also take responsibility for your safety.<\/p><p data-start=\"1515\" data-end=\"1857\">As Yi\u011fito\u011flu Tire, we always prioritize customer satisfaction and provide friendly service. <strong data-start=\"1624\" data-end=\"1669\">The most preferred tire shop in Alanya<\/strong> We are proud to be a part of this industry. With our competitive pricing, high-quality product options, and expert team, we continue to provide the best service to both our individual and corporate customers.<\/p><p data-start=\"1859\" data-end=\"2032\">If you are looking for services such as tire change, repair or emergency roadside assistance in Alanya, <strong data-start=\"1956\" data-end=\"1992\">Alanya Tire Shop Yi\u011fito\u011flu Tire<\/strong> We are just a phone call away.<\/p>\t\t\t\t\t\t\t\t<\/div>\n\t\t\t\t<\/div>\n\t\t<div class=\"elementor-element elementor-element-57b011d e-con-full e-flex e-con e-child\" data-id=\"57b011d\" data-element_type=\"container\" data-settings=\"{&quot;jet_parallax_layout_list&quot;:[]}\">\n\t\t\t\t<div class=\"elementor-element elementor-element-c58ca0a elementor-widget elementor-widget-image\" data-id=\"c58ca0a\" data-element_type=\"widget\" data-widget_type=\"image.default\">\n\t\t\t\t\t\t\t\t\t\t\t\t\t\t\t<img fetchpriority=\"high\" decoding=\"async\" width=\"1024\" height=\"1536\" src=\"https:\/\/alanyalastikci.com\/wp-content\/uploads\/2025\/07\/Alanya-Lastikci.png\" class=\"attachment-full size-full wp-image-432\" alt=\"Alanya Lastik\u00e7i | 7\/24 Alanya Lastik Hizmeti | Yi\u011fito\u011flu Lastik\" srcset=\"https:\/\/alanyalastikci.com\/wp-content\/uploads\/2025\/07\/Alanya-Lastikci.png 1024w, https:\/\/alanyalastikci.com\/wp-content\/uploads\/2025\/07\/Alanya-Lastikci-200x300.png 200w, https:\/\/alanyalastikci.com\/wp-content\/uploads\/2025\/07\/Alanya-Lastikci-683x1024.png 683w, https:\/\/alanyalastikci.com\/wp-content\/uploads\/2025\/07\/Alanya-Lastikci-768x1152.png 768w, https:\/\/alanyalastikci.com\/wp-content\/uploads\/2025\/07\/Alanya-Lastikci-8x12.png 8w\" sizes=\"(max-width: 1024px) 100vw, 1024px\" \/>\t\t\t\t\t\t\t\t\t\t\t\t\t\t\t<\/div>\n\t\t\t\t<\/div>\n\t\t\t\t\t<\/div>\n\t\t\t\t<\/div>\n\t\t<div class=\"elementor-element elementor-element-011a52e e-flex e-con-boxed elementor-invisible e-con e-parent\" data-id=\"011a52e\" data-element_type=\"container\" data-settings=\"{&quot;jet_parallax_layout_list&quot;:[],&quot;animation&quot;:&quot;fadeInUp&quot;}\">\n\t\t\t\t\t<div class=\"e-con-inner\">\n\t\t<div class=\"elementor-element elementor-element-6409a8a e-con-full e-flex e-con e-child\" data-id=\"6409a8a\" data-element_type=\"container\" data-settings=\"{&quot;jet_parallax_layout_list&quot;:[]}\">\n\t\t\t\t<div class=\"elementor-element elementor-element-c13b974 elementor-widget elementor-widget-heading\" data-id=\"c13b974\" data-element_type=\"widget\" data-widget_type=\"heading.default\">\n\t\t\t\t\t<h2 class=\"elementor-heading-title elementor-size-default\">Our Mission<\/h2>\t\t\t\t<\/div>\n\t\t\t\t<div class=\"elementor-element elementor-element-11154f6 elementor-widget elementor-widget-text-editor\" data-id=\"11154f6\" data-element_type=\"widget\" data-widget_type=\"text-editor.default\">\n\t\t\t\t\t\t\t\t\t<p data-start=\"358\" data-end=\"1197\">As Yi\u011fito\u011flu Tire, our mission is to meet the tire needs of people living in Alanya and its surrounding areas in the fastest, safest and most economical way. <strong data-start=\"514\" data-end=\"533\">Alanya Tire Shop<\/strong> With our identity, we aim to provide our customers not only with tire replacement services, but also with reliability, professionalism, and sustainable service. Maximizing the satisfaction of every customer we serve is our top priority. By closely following technological developments, <strong data-start=\"825\" data-end=\"842\">Alanya Tire<\/strong> We operate with the most up-to-date equipment in the industry and raise the bar on quality service with our trained staff every day. We are on duty 24\/7 to ensure road safety, comfort, and peace of mind for our customers. Our goal isn&#039;t just to provide tire solutions; it&#039;s to be the first brand that comes to mind when it comes to tires in Alanya, a brand that is confidently recommended.<\/p>\t\t\t\t\t\t\t\t<\/div>\n\t\t\t\t<\/div>\n\t\t<div class=\"elementor-element elementor-element-45ef4b0 e-con-full e-flex e-con e-child\" data-id=\"45ef4b0\" data-element_type=\"container\" data-settings=\"{&quot;jet_parallax_layout_list&quot;:[]}\">\n\t\t\t\t<div class=\"elementor-element elementor-element-503d574 elementor-widget elementor-widget-heading\" data-id=\"503d574\" data-element_type=\"widget\" data-widget_type=\"heading.default\">\n\t\t\t\t\t<h2 class=\"elementor-heading-title elementor-size-default\">Our Vision<\/h2>\t\t\t\t<\/div>\n\t\t\t\t<div class=\"elementor-element elementor-element-81bb0f2 elementor-widget elementor-widget-text-editor\" data-id=\"81bb0f2\" data-element_type=\"widget\" data-widget_type=\"text-editor.default\">\n\t\t\t\t\t\t\t\t\t<p data-start=\"1227\" data-end=\"2036\">As Yi\u011fito\u011flu Tire, our vision is, <strong data-start=\"1263\" data-end=\"1282\">Alanya Tire Shop<\/strong> As an innovative, pioneering, and customer-focused brand in its sector, we aim to maintain our leadership both locally and regionally. In the future, we aim to be a recognized and preferred brand not only in Alanya but also in the surrounding regions. <strong data-start=\"1489\" data-end=\"1506\">Alanya Tire<\/strong> We aim to become a leading brand. We operate with a commitment to keeping pace with developing automotive technologies, continuously improving our services, and prioritizing sustainability and environmental awareness. With our mobile tire services, emergency response solutions, high-quality product range, and professional team, we aim to set the quality standard in the industry. As a team working tirelessly to be our customers&#039; top choice, we aim to be a brand that advances the Alanya tire sector.<\/p>\t\t\t\t\t\t\t\t<\/div>\n\t\t\t\t<\/div>\n\t\t<div class=\"elementor-element elementor-element-1bd0250 e-con-full e-flex e-con e-child\" data-id=\"1bd0250\" data-element_type=\"container\" data-settings=\"{&quot;jet_parallax_layout_list&quot;:[]}\">\n\t\t\t\t<div class=\"elementor-element elementor-element-492d24c elementor-widget elementor-widget-heading\" data-id=\"492d24c\" data-element_type=\"widget\" data-widget_type=\"heading.default\">\n\t\t\t\t\t<h2 class=\"elementor-heading-title elementor-size-default\">Our Values<\/h2>\t\t\t\t<\/div>\n\t\t\t\t<div class=\"elementor-element elementor-element-9597918 elementor-widget elementor-widget-text-editor\" data-id=\"9597918\" data-element_type=\"widget\" data-widget_type=\"text-editor.default\">\n\t\t\t\t\t\t\t\t\t<p data-start=\"2068\" data-end=\"2837\">At Yi\u011fito\u011flu Tire, we embrace the core values of trust, honesty, quality, speed, solution-oriented approach, and customer satisfaction. We prioritize these values in every service we provide. <strong data-start=\"2242\" data-end=\"2261\">Alanya Tire Shop<\/strong> We adhere to ethical values throughout our processes. We keep our promises to our customers and, with our transparent pricing policy, never create surprise costs. <strong data-start=\"2433\" data-end=\"2450\">Alanya Tire<\/strong> Every service we offer in the field is planned and implemented in accordance with these values. For us, every customer is not just a transaction; it&#039;s an opportunity for long-term collaboration. Our commitment to quality service is driven by a strong team spirit, professional expertise, and respect for people. We strive to add value to the tire industry in Alanya, benefit society, and always deliver the best.<\/p>\t\t\t\t\t\t\t\t<\/div>\n\t\t\t\t<\/div>\n\t\t\t\t\t<\/div>\n\t\t\t\t<\/div>\n\t\t\t\t<\/div>","protected":false},"excerpt":{"rendered":"<p>About Us Yi\u011fito\u011flu Lastik, one of the first companies that comes to mind when you think of tire shops in Alanya, has been providing reliable, fast, and professional tire services in Alanya for years. Founded by our founder Hasan Yi\u011fit, our company has become a symbol of quality and customer satisfaction in the tire industry by providing uninterrupted 24\/7 support to drivers in and around Alanya. For tire breakdowns, punctures, balancing problems, or tire issues during seasonal changes [\u2026]<\/p>","protected":false},"author":1,"featured_media":362,"parent":0,"menu_order":0,"comment_status":"closed","ping_status":"closed","template":"full-width.php","meta":{"_acf_changed":false,"footnotes":""},"class_list":["post-56","page","type-page","status-publish","has-post-thumbnail","hentry"],"acf":[],"yoast_head":"<!-- This site is optimized with the Yoast SEO plugin v25.4 - https:\/\/yoast.com\/wordpress\/plugins\/seo\/ -->\n<title>Hakk\u0131m\u0131zda | Alanya Lastik\u00e7i Yi\u011fito\u011flu Lastik | Alanya Lastik Hizmeti<\/title>\n<meta name=\"description\" content=\"Yi\u011fito\u011flu Lastik olarak Alanya\u2019da g\u00fcvenilir, h\u0131zl\u0131 ve profesyonel lastik hizmeti sunuyoruz. Alanya Lastik\u00e7i denince akla gelen ilk isim olmak i\u00e7in durmadan \u00e7al\u0131\u015f\u0131yoruz.\" \/>\n<meta name=\"robots\" content=\"index, follow, max-snippet:-1, max-image-preview:large, max-video-preview:-1\" \/>\n<link rel=\"canonical\" href=\"https:\/\/alanyalastikci.com\/en\/hakkimizda\/\" \/>\n<meta property=\"og:locale\" content=\"en_US\" \/>\n<meta property=\"og:type\" content=\"article\" \/>\n<meta property=\"og:title\" content=\"Hakk\u0131m\u0131zda | Alanya Lastik\u00e7i Yi\u011fito\u011flu Lastik | Alanya Lastik Hizmeti\" \/>\n<meta property=\"og:description\" content=\"Yi\u011fito\u011flu Lastik olarak Alanya\u2019da g\u00fcvenilir, h\u0131zl\u0131 ve profesyonel lastik hizmeti sunuyoruz. Alanya Lastik\u00e7i denince akla gelen ilk isim olmak i\u00e7in durmadan \u00e7al\u0131\u015f\u0131yoruz.\" \/>\n<meta property=\"og:url\" content=\"https:\/\/alanyalastikci.com\/en\/hakkimizda\/\" \/>\n<meta property=\"og:site_name\" content=\"Alanya Lastik\u00e7i | Alanya Lastik | Alanya Lastik\u00e7im | Alanya Lastik Tamiri\" \/>\n<meta property=\"article:modified_time\" content=\"2025-07-07T23:01:25+00:00\" \/>\n<meta property=\"og:image\" content=\"https:\/\/alanyalastikci.com\/wp-content\/uploads\/2025\/07\/Alanya-Lastikci-favicon.png\" \/>\n\t<meta property=\"og:image:width\" content=\"1024\" \/>\n\t<meta property=\"og:image:height\" content=\"1024\" \/>\n\t<meta property=\"og:image:type\" content=\"image\/png\" \/>\n<meta name=\"twitter:card\" content=\"summary_large_image\" \/>\n<meta name=\"twitter:label1\" content=\"Est. reading time\" \/>\n\t<meta name=\"twitter:data1\" content=\"4 minutes\" \/>\n<script type=\"application\/ld+json\" class=\"yoast-schema-graph\">{\"@context\":\"https:\/\/schema.org\",\"@graph\":[{\"@type\":\"WebPage\",\"@id\":\"https:\/\/alanyalastikci.com\/hakkimizda\/\",\"url\":\"https:\/\/alanyalastikci.com\/hakkimizda\/\",\"name\":\"Hakk\u0131m\u0131zda | Alanya Lastik\u00e7i Yi\u011fito\u011flu Lastik | Alanya Lastik Hizmeti\",\"isPartOf\":{\"@id\":\"https:\/\/alanyalastikci.com\/#website\"},\"primaryImageOfPage\":{\"@id\":\"https:\/\/alanyalastikci.com\/hakkimizda\/#primaryimage\"},\"image\":{\"@id\":\"https:\/\/alanyalastikci.com\/hakkimizda\/#primaryimage\"},\"thumbnailUrl\":\"https:\/\/alanyalastikci.com\/wp-content\/uploads\/2025\/07\/Alanya-Lastikci-favicon.png\",\"datePublished\":\"2020-06-23T11:41:21+00:00\",\"dateModified\":\"2025-07-07T23:01:25+00:00\",\"description\":\"Yi\u011fito\u011flu Lastik olarak Alanya\u2019da g\u00fcvenilir, h\u0131zl\u0131 ve profesyonel lastik hizmeti sunuyoruz. Alanya Lastik\u00e7i denince akla gelen ilk isim olmak i\u00e7in durmadan \u00e7al\u0131\u015f\u0131yoruz.\",\"breadcrumb\":{\"@id\":\"https:\/\/alanyalastikci.com\/hakkimizda\/#breadcrumb\"},\"inLanguage\":\"en-US\",\"potentialAction\":[{\"@type\":\"ReadAction\",\"target\":[\"https:\/\/alanyalastikci.com\/hakkimizda\/\"]}]},{\"@type\":\"ImageObject\",\"inLanguage\":\"en-US\",\"@id\":\"https:\/\/alanyalastikci.com\/hakkimizda\/#primaryimage\",\"url\":\"https:\/\/alanyalastikci.com\/wp-content\/uploads\/2025\/07\/Alanya-Lastikci-favicon.png\",\"contentUrl\":\"https:\/\/alanyalastikci.com\/wp-content\/uploads\/2025\/07\/Alanya-Lastikci-favicon.png\",\"width\":1024,\"height\":1024,\"caption\":\"Alanya Lastik\u00e7i | Alanya Lastik\"},{\"@type\":\"BreadcrumbList\",\"@id\":\"https:\/\/alanyalastikci.com\/hakkimizda\/#breadcrumb\",\"itemListElement\":[{\"@type\":\"ListItem\",\"position\":1,\"name\":\"Anasayfa\",\"item\":\"https:\/\/alanyalastikci.com\/\"},{\"@type\":\"ListItem\",\"position\":2,\"name\":\"Hakk\u0131m\u0131zda\"}]},{\"@type\":\"WebSite\",\"@id\":\"https:\/\/alanyalastikci.com\/#website\",\"url\":\"https:\/\/alanyalastikci.com\/\",\"name\":\"Alanya Lastik\u00e7i | Alanya Lastik | Alanya Lastik\u00e7im | Alanya Lastik Tamiri\",\"description\":\"Alanya Lastik\u00e7i | Alanya Lastik | Alanya Lastik\u00e7im | Alanya Lastik Tamiri\",\"potentialAction\":[{\"@type\":\"SearchAction\",\"target\":{\"@type\":\"EntryPoint\",\"urlTemplate\":\"https:\/\/alanyalastikci.com\/?s={search_term_string}\"},\"query-input\":{\"@type\":\"PropertyValueSpecification\",\"valueRequired\":true,\"valueName\":\"search_term_string\"}}],\"inLanguage\":\"en-US\"}]}<\/script>\n<!-- \/ Yoast SEO plugin. -->","yoast_head_json":{"title":"Hakk\u0131m\u0131zda | Alanya Lastik\u00e7i Yi\u011fito\u011flu Lastik | Alanya Lastik Hizmeti","description":"Yi\u011fito\u011flu Lastik olarak Alanya\u2019da g\u00fcvenilir, h\u0131zl\u0131 ve profesyonel lastik hizmeti sunuyoruz. Alanya Lastik\u00e7i denince akla gelen ilk isim olmak i\u00e7in durmadan \u00e7al\u0131\u015f\u0131yoruz.","robots":{"index":"index","follow":"follow","max-snippet":"max-snippet:-1","max-image-preview":"max-image-preview:large","max-video-preview":"max-video-preview:-1"},"canonical":"https:\/\/alanyalastikci.com\/en\/hakkimizda\/","og_locale":"en_US","og_type":"article","og_title":"Hakk\u0131m\u0131zda | Alanya Lastik\u00e7i Yi\u011fito\u011flu Lastik | Alanya Lastik Hizmeti","og_description":"Yi\u011fito\u011flu Lastik olarak Alanya\u2019da g\u00fcvenilir, h\u0131zl\u0131 ve profesyonel lastik hizmeti sunuyoruz. Alanya Lastik\u00e7i denince akla gelen ilk isim olmak i\u00e7in durmadan \u00e7al\u0131\u015f\u0131yoruz.","og_url":"https:\/\/alanyalastikci.com\/en\/hakkimizda\/","og_site_name":"Alanya Lastik\u00e7i | Alanya Lastik | Alanya Lastik\u00e7im | Alanya Lastik Tamiri","article_modified_time":"2025-07-07T23:01:25+00:00","og_image":[{"width":1024,"height":1024,"url":"https:\/\/alanyalastikci.com\/wp-content\/uploads\/2025\/07\/Alanya-Lastikci-favicon.png","type":"image\/png"}],"twitter_card":"summary_large_image","twitter_misc":{"Est. reading time":"4 minutes"},"schema":{"@context":"https:\/\/schema.org","@graph":[{"@type":"WebPage","@id":"https:\/\/alanyalastikci.com\/hakkimizda\/","url":"https:\/\/alanyalastikci.com\/hakkimizda\/","name":"Hakk\u0131m\u0131zda | Alanya Lastik\u00e7i Yi\u011fito\u011flu Lastik | Alanya Lastik Hizmeti","isPartOf":{"@id":"https:\/\/alanyalastikci.com\/#website"},"primaryImageOfPage":{"@id":"https:\/\/alanyalastikci.com\/hakkimizda\/#primaryimage"},"image":{"@id":"https:\/\/alanyalastikci.com\/hakkimizda\/#primaryimage"},"thumbnailUrl":"https:\/\/alanyalastikci.com\/wp-content\/uploads\/2025\/07\/Alanya-Lastikci-favicon.png","datePublished":"2020-06-23T11:41:21+00:00","dateModified":"2025-07-07T23:01:25+00:00","description":"Yi\u011fito\u011flu Lastik olarak Alanya\u2019da g\u00fcvenilir, h\u0131zl\u0131 ve profesyonel lastik hizmeti sunuyoruz. Alanya Lastik\u00e7i denince akla gelen ilk isim olmak i\u00e7in durmadan \u00e7al\u0131\u015f\u0131yoruz.","breadcrumb":{"@id":"https:\/\/alanyalastikci.com\/hakkimizda\/#breadcrumb"},"inLanguage":"en-US","potentialAction":[{"@type":"ReadAction","target":["https:\/\/alanyalastikci.com\/hakkimizda\/"]}]},{"@type":"ImageObject","inLanguage":"en-US","@id":"https:\/\/alanyalastikci.com\/hakkimizda\/#primaryimage","url":"https:\/\/alanyalastikci.com\/wp-content\/uploads\/2025\/07\/Alanya-Lastikci-favicon.png","contentUrl":"https:\/\/alanyalastikci.com\/wp-content\/uploads\/2025\/07\/Alanya-Lastikci-favicon.png","width":1024,"height":1024,"caption":"Alanya Lastik\u00e7i | Alanya Lastik"},{"@type":"BreadcrumbList","@id":"https:\/\/alanyalastikci.com\/hakkimizda\/#breadcrumb","itemListElement":[{"@type":"ListItem","position":1,"name":"Anasayfa","item":"https:\/\/alanyalastikci.com\/"},{"@type":"ListItem","position":2,"name":"Hakk\u0131m\u0131zda"}]},{"@type":"WebSite","@id":"https:\/\/alanyalastikci.com\/#website","url":"https:\/\/alanyalastikci.com\/","name":"Alanya Lastik\u00e7i | Alanya Lastik | Alanya Lastik\u00e7im | Alanya Lastik Tamiri","description":"Alanya Lastik\u00e7i | Alanya Lastik | Alanya Lastik\u00e7im | Alanya Lastik Tamiri","potentialAction":[{"@type":"SearchAction","target":{"@type":"EntryPoint","urlTemplate":"https:\/\/alanyalastikci.com\/?s={search_term_string}"},"query-input":{"@type":"PropertyValueSpecification","valueRequired":true,"valueName":"search_term_string"}}],"inLanguage":"en-US"}]}},"_links":{"self":[{"href":"https:\/\/alanyalastikci.com\/en\/wp-json\/wp\/v2\/pages\/56","targetHints":{"allow":["GET"]}}],"collection":[{"href":"https:\/\/alanyalastikci.com\/en\/wp-json\/wp\/v2\/pages"}],"about":[{"href":"https:\/\/alanyalastikci.com\/en\/wp-json\/wp\/v2\/types\/page"}],"author":[{"embeddable":true,"href":"https:\/\/alanyalastikci.com\/en\/wp-json\/wp\/v2\/users\/1"}],"replies":[{"embeddable":true,"href":"https:\/\/alanyalastikci.com\/en\/wp-json\/wp\/v2\/comments?post=56"}],"version-history":[{"count":6,"href":"https:\/\/alanyalastikci.com\/en\/wp-json\/wp\/v2\/pages\/56\/revisions"}],"predecessor-version":[{"id":494,"href":"https:\/\/alanyalastikci.com\/en\/wp-json\/wp\/v2\/pages\/56\/revisions\/494"}],"wp:featuredmedia":[{"embeddable":true,"href":"https:\/\/alanyalastikci.com\/en\/wp-json\/wp\/v2\/media\/362"}],"wp:attachment":[{"href":"https:\/\/alanyalastikci.com\/en\/wp-json\/wp\/v2\/media?parent=56"}],"curies":[{"name":"wp","href":"https:\/\/api.w.org\/{rel}","templated":true}]}}